{"id":330,"date":"2022-04-18T07:56:18","date_gmt":"2022-04-18T07:56:18","guid":{"rendered":"https:\/\/klbtheme.com\/clotya\/?post_type=product&#038;p=330"},"modified":"2025-06-23T19:41:41","modified_gmt":"2025-06-24T01:41:41","slug":"sudadera-marron-grafico-montana","status":"publish","type":"product","link":"https:\/\/www.cairocr.com\/en\/product\/sudadera-marron-grafico-montana\/","title":{"rendered":"Brown Hoodie with Mountain Graphic"},"content":{"rendered":"<p>Quisque varius diam vel metus mattis, id aliquam diam rhoncus. Proin vitae magna in dui finibus malesuada et at nulla. Morbi elit ex, viverra vitae ante vel, blandit feugiat ligula. Fusce fermentum iaculis nibh, at sodales leo maximus a. Nullam ultricies sodales nunc, in pellentesque lorem mattis quis. Cras imperdiet est in nunc tristique lacinia. Nullam aliquam mauris eu accumsan tincidunt. Suspendisse velit ex, aliquet vel ornare vel, dignissim a tortor.<\/p>\n<p>Morbi ut sapien vitae odio accumsan gravida. Morbi vitae erat auctor, eleifend nunc a, lobortis neque. Praesent aliquam dignissim viverra. Maecenas lacus odio, feugiat eu nunc sit amet, maximus sagittis dolor. Vivamus nisi sapien, elementum sit amet eros sit amet, ultricies cursus ipsum. Sed consequat luctus ligula. Curabitur laoreet rhoncus blandit. Aenean vel diam ut arcu pharetra dignissim ut sed leo. Vivamus faucibus, ipsum in vestibulum vulputate, lorem orci convallis quam, sit amet consequat nulla felis pharetra lacus. Duis semper erat mauris, sed egestas purus commodo vel.<\/p>","protected":false},"excerpt":{"rendered":"<p>Lorem ipsum dolor sit amet, consectetur adipiscing elit, sed do eiusmod tempor incididunt ut labore et dolore magna aliqua.<\/p>","protected":false},"featured_media":331,"comment_status":"open","ping_status":"closed","template":"","meta":[],"product_brand":[],"product_cat":[65,82,83,73],"product_tag":[],"class_list":{"0":"post-330","1":"product","2":"type-product","3":"status-publish","4":"has-post-thumbnail","6":"product_cat-mujeres","7":"product_cat-sweatshirts-hoodies-woman","8":"product_cat-t-shirts-woman","9":"product_cat-vestidos","11":"first","12":"instock","13":"sale","14":"shipping-taxable","15":"product-type-grouped"},"yoast_head":"<!-- This site is optimized with the Yoast SEO plugin v27.2 - https:\/\/yoast.com\/product\/yoast-seo-wordpress\/ -->\n<title>Sudadera marr\u00f3n con gr\u00e1fico de monta\u00f1a - cairocr<\/title>\n<meta name=\"robots\" content=\"index, follow, max-snippet:-1, max-image-preview:large, max-video-preview:-1\" \/>\n<link rel=\"canonical\" href=\"https:\/\/www.cairocr.com\/en\/product\/sudadera-marron-grafico-montana\/\" \/>\n<meta property=\"og:locale\" content=\"en_US\" \/>\n<meta property=\"og:type\" content=\"article\" \/>\n<meta property=\"og:title\" content=\"Sudadera marr\u00f3n con gr\u00e1fico de monta\u00f1a - cairocr\" \/>\n<meta property=\"og:description\" content=\"Lorem ipsum dolor sit amet, consectetur adipiscing elit, sed do eiusmod tempor incididunt ut labore et dolore magna aliqua.\" \/>\n<meta property=\"og:url\" content=\"https:\/\/www.cairocr.com\/en\/product\/sudadera-marron-grafico-montana\/\" \/>\n<meta property=\"og:site_name\" content=\"cairocr\" \/>\n<meta property=\"article:modified_time\" content=\"2025-06-24T01:41:41+00:00\" \/>\n<meta property=\"og:image\" content=\"https:\/\/www.cairocr.com\/wp-content\/uploads\/2022\/04\/mountain1.jpeg\" \/>\n\t<meta property=\"og:image:width\" content=\"1533\" \/>\n\t<meta property=\"og:image:height\" content=\"2300\" \/>\n\t<meta property=\"og:image:type\" content=\"image\/jpeg\" \/>\n<meta name=\"twitter:card\" content=\"summary_large_image\" \/>\n<meta name=\"twitter:label1\" content=\"Est. reading time\" \/>\n\t<meta name=\"twitter:data1\" content=\"1 minute\" \/>\n<script type=\"application\/ld+json\" class=\"yoast-schema-graph\">{\"@context\":\"https:\/\/schema.org\",\"@graph\":[{\"@type\":\"WebPage\",\"@id\":\"https:\/\/www.cairocr.com\/producto\/sudadera-marron-grafico-montana\/\",\"url\":\"https:\/\/www.cairocr.com\/producto\/sudadera-marron-grafico-montana\/\",\"name\":\"Sudadera marr\u00f3n con gr\u00e1fico de monta\u00f1a - cairocr\",\"isPartOf\":{\"@id\":\"https:\/\/www.cairocr.com\/#website\"},\"primaryImageOfPage\":{\"@id\":\"https:\/\/www.cairocr.com\/producto\/sudadera-marron-grafico-montana\/#primaryimage\"},\"image\":{\"@id\":\"https:\/\/www.cairocr.com\/producto\/sudadera-marron-grafico-montana\/#primaryimage\"},\"thumbnailUrl\":\"https:\/\/www.cairocr.com\/wp-content\/uploads\/2022\/04\/mountain1.jpeg\",\"datePublished\":\"2022-04-18T07:56:18+00:00\",\"dateModified\":\"2025-06-24T01:41:41+00:00\",\"breadcrumb\":{\"@id\":\"https:\/\/www.cairocr.com\/producto\/sudadera-marron-grafico-montana\/#breadcrumb\"},\"inLanguage\":\"en-US\",\"potentialAction\":[{\"@type\":\"ReadAction\",\"target\":[\"https:\/\/www.cairocr.com\/producto\/sudadera-marron-grafico-montana\/\"]}]},{\"@type\":\"ImageObject\",\"inLanguage\":\"en-US\",\"@id\":\"https:\/\/www.cairocr.com\/producto\/sudadera-marron-grafico-montana\/#primaryimage\",\"url\":\"https:\/\/www.cairocr.com\/wp-content\/uploads\/2022\/04\/mountain1.jpeg\",\"contentUrl\":\"https:\/\/www.cairocr.com\/wp-content\/uploads\/2022\/04\/mountain1.jpeg\",\"width\":1533,\"height\":2300},{\"@type\":\"BreadcrumbList\",\"@id\":\"https:\/\/www.cairocr.com\/producto\/sudadera-marron-grafico-montana\/#breadcrumb\",\"itemListElement\":[{\"@type\":\"ListItem\",\"position\":1,\"name\":\"Portada\",\"item\":\"https:\/\/www.cairocr.com\/\"},{\"@type\":\"ListItem\",\"position\":2,\"name\":\"Shop\",\"item\":\"https:\/\/www.cairocr.com\/shop-2\/\"},{\"@type\":\"ListItem\",\"position\":3,\"name\":\"Sudadera marr\u00f3n con gr\u00e1fico de monta\u00f1a\"}]},{\"@type\":\"WebSite\",\"@id\":\"https:\/\/www.cairocr.com\/#website\",\"url\":\"https:\/\/www.cairocr.com\/\",\"name\":\"Cairocr\",\"description\":\"My WordPress Blog\",\"publisher\":{\"@id\":\"https:\/\/www.cairocr.com\/#organization\"},\"potentialAction\":[{\"@type\":\"SearchAction\",\"target\":{\"@type\":\"EntryPoint\",\"urlTemplate\":\"https:\/\/www.cairocr.com\/?s={search_term_string}\"},\"query-input\":{\"@type\":\"PropertyValueSpecification\",\"valueRequired\":true,\"valueName\":\"search_term_string\"}}],\"inLanguage\":\"en-US\"},{\"@type\":\"Organization\",\"@id\":\"https:\/\/www.cairocr.com\/#organization\",\"name\":\"Cairocr\",\"url\":\"https:\/\/www.cairocr.com\/\",\"logo\":{\"@type\":\"ImageObject\",\"inLanguage\":\"en-US\",\"@id\":\"https:\/\/www.cairocr.com\/#\/schema\/logo\/image\/\",\"url\":\"https:\/\/www.cairocr.com\/wp-content\/uploads\/2024\/12\/cairocr-logo.png\",\"contentUrl\":\"https:\/\/www.cairocr.com\/wp-content\/uploads\/2024\/12\/cairocr-logo.png\",\"width\":1039,\"height\":315,\"caption\":\"Cairocr\"},\"image\":{\"@id\":\"https:\/\/www.cairocr.com\/#\/schema\/logo\/image\/\"}}]}<\/script>\n<!-- \/ Yoast SEO plugin. -->","yoast_head_json":{"title":"Sudadera marr\u00f3n con gr\u00e1fico de monta\u00f1a - cairocr","robots":{"index":"index","follow":"follow","max-snippet":"max-snippet:-1","max-image-preview":"max-image-preview:large","max-video-preview":"max-video-preview:-1"},"canonical":"https:\/\/www.cairocr.com\/en\/product\/sudadera-marron-grafico-montana\/","og_locale":"en_US","og_type":"article","og_title":"Sudadera marr\u00f3n con gr\u00e1fico de monta\u00f1a - cairocr","og_description":"Lorem ipsum dolor sit amet, consectetur adipiscing elit, sed do eiusmod tempor incididunt ut labore et dolore magna aliqua.","og_url":"https:\/\/www.cairocr.com\/en\/product\/sudadera-marron-grafico-montana\/","og_site_name":"cairocr","article_modified_time":"2025-06-24T01:41:41+00:00","og_image":[{"width":1533,"height":2300,"url":"https:\/\/www.cairocr.com\/wp-content\/uploads\/2022\/04\/mountain1.jpeg","type":"image\/jpeg"}],"twitter_card":"summary_large_image","twitter_misc":{"Est. reading time":"1 minute"},"schema":{"@context":"https:\/\/schema.org","@graph":[{"@type":"WebPage","@id":"https:\/\/www.cairocr.com\/producto\/sudadera-marron-grafico-montana\/","url":"https:\/\/www.cairocr.com\/producto\/sudadera-marron-grafico-montana\/","name":"Sudadera marr\u00f3n con gr\u00e1fico de monta\u00f1a - cairocr","isPartOf":{"@id":"https:\/\/www.cairocr.com\/#website"},"primaryImageOfPage":{"@id":"https:\/\/www.cairocr.com\/producto\/sudadera-marron-grafico-montana\/#primaryimage"},"image":{"@id":"https:\/\/www.cairocr.com\/producto\/sudadera-marron-grafico-montana\/#primaryimage"},"thumbnailUrl":"https:\/\/www.cairocr.com\/wp-content\/uploads\/2022\/04\/mountain1.jpeg","datePublished":"2022-04-18T07:56:18+00:00","dateModified":"2025-06-24T01:41:41+00:00","breadcrumb":{"@id":"https:\/\/www.cairocr.com\/producto\/sudadera-marron-grafico-montana\/#breadcrumb"},"inLanguage":"en-US","potentialAction":[{"@type":"ReadAction","target":["https:\/\/www.cairocr.com\/producto\/sudadera-marron-grafico-montana\/"]}]},{"@type":"ImageObject","inLanguage":"en-US","@id":"https:\/\/www.cairocr.com\/producto\/sudadera-marron-grafico-montana\/#primaryimage","url":"https:\/\/www.cairocr.com\/wp-content\/uploads\/2022\/04\/mountain1.jpeg","contentUrl":"https:\/\/www.cairocr.com\/wp-content\/uploads\/2022\/04\/mountain1.jpeg","width":1533,"height":2300},{"@type":"BreadcrumbList","@id":"https:\/\/www.cairocr.com\/producto\/sudadera-marron-grafico-montana\/#breadcrumb","itemListElement":[{"@type":"ListItem","position":1,"name":"Portada","item":"https:\/\/www.cairocr.com\/"},{"@type":"ListItem","position":2,"name":"Shop","item":"https:\/\/www.cairocr.com\/shop-2\/"},{"@type":"ListItem","position":3,"name":"Sudadera marr\u00f3n con gr\u00e1fico de monta\u00f1a"}]},{"@type":"WebSite","@id":"https:\/\/www.cairocr.com\/#website","url":"https:\/\/www.cairocr.com\/","name":"Cairocr","description":"My WordPress Blog","publisher":{"@id":"https:\/\/www.cairocr.com\/#organization"},"potentialAction":[{"@type":"SearchAction","target":{"@type":"EntryPoint","urlTemplate":"https:\/\/www.cairocr.com\/?s={search_term_string}"},"query-input":{"@type":"PropertyValueSpecification","valueRequired":true,"valueName":"search_term_string"}}],"inLanguage":"en-US"},{"@type":"Organization","@id":"https:\/\/www.cairocr.com\/#organization","name":"Cairocr","url":"https:\/\/www.cairocr.com\/","logo":{"@type":"ImageObject","inLanguage":"en-US","@id":"https:\/\/www.cairocr.com\/#\/schema\/logo\/image\/","url":"https:\/\/www.cairocr.com\/wp-content\/uploads\/2024\/12\/cairocr-logo.png","contentUrl":"https:\/\/www.cairocr.com\/wp-content\/uploads\/2024\/12\/cairocr-logo.png","width":1039,"height":315,"caption":"Cairocr"},"image":{"@id":"https:\/\/www.cairocr.com\/#\/schema\/logo\/image\/"}}]}},"_links":{"self":[{"href":"https:\/\/www.cairocr.com\/en\/wp-json\/wp\/v2\/product\/330","targetHints":{"allow":["GET"]}}],"collection":[{"href":"https:\/\/www.cairocr.com\/en\/wp-json\/wp\/v2\/product"}],"about":[{"href":"https:\/\/www.cairocr.com\/en\/wp-json\/wp\/v2\/types\/product"}],"replies":[{"embeddable":true,"href":"https:\/\/www.cairocr.com\/en\/wp-json\/wp\/v2\/comments?post=330"}],"wp:featuredmedia":[{"embeddable":true,"href":"https:\/\/www.cairocr.com\/en\/wp-json\/wp\/v2\/media\/331"}],"wp:attachment":[{"href":"https:\/\/www.cairocr.com\/en\/wp-json\/wp\/v2\/media?parent=330"}],"wp:term":[{"taxonomy":"product_brand","embeddable":true,"href":"https:\/\/www.cairocr.com\/en\/wp-json\/wp\/v2\/product_brand?post=330"},{"taxonomy":"product_cat","embeddable":true,"href":"https:\/\/www.cairocr.com\/en\/wp-json\/wp\/v2\/product_cat?post=330"},{"taxonomy":"product_tag","embeddable":true,"href":"https:\/\/www.cairocr.com\/en\/wp-json\/wp\/v2\/product_tag?post=330"}],"curies":[{"name":"wp","href":"https:\/\/api.w.org\/{rel}","templated":true}]}}